{"id":1098,"date":"2023-05-02T16:41:26","date_gmt":"2023-05-02T14:41:26","guid":{"rendered":"https:\/\/www.ens-bousaada.dz\/fr\/?page_id=1098"},"modified":"2023-05-02T17:00:29","modified_gmt":"2023-05-02T15:00:29","slug":"comite-scientifique-du-departement-de-langue-arabe","status":"publish","type":"page","link":"https:\/\/www.ens-bousaada.dz\/fr\/index.php\/comite-scientifique-du-departement-de-langue-arabe\/","title":{"rendered":"Comit\u00e9 Scientifique du D\u00e9partement de Langue Arabe"},"content":{"rendered":"\n<div style=\"height:100px\" aria-hidden=\"true\" class=\"wp-block-spacer\"><\/div>\n\n\n\n<figure class=\"wp-block-image size-full is-resized\"><img decoding=\"async\" loading=\"lazy\" src=\"https:\/\/www.ens-bousaada.dz\/fr\/wp-content\/uploads\/2023\/05\/banner-conseil_lang-arab-fr.png\" alt=\"\" class=\"wp-image-1100\" width=\"1333\" height=\"233\" srcset=\"https:\/\/www.ens-bousaada.dz\/fr\/wp-content\/uploads\/2023\/05\/banner-conseil_lang-arab-fr.png 1024w, https:\/\/www.ens-bousaada.dz\/fr\/wp-content\/uploads\/2023\/05\/banner-conseil_lang-arab-fr-300x52.png 300w, https:\/\/www.ens-bousaada.dz\/fr\/wp-content\/uploads\/2023\/05\/banner-conseil_lang-arab-fr-768x134.png 768w\" sizes=\"(max-width: 1333px) 100vw, 1333px\" \/><\/figure>\n\n\n\n<div style=\"height:56px\" aria-hidden=\"true\" class=\"wp-block-spacer\"><\/div>\n\n\n\n<div style=\"height:0px\" aria-hidden=\"true\" class=\"wp-block-spacer\"><\/div>\n\n\n\n<hr class=\"wp-block-separator has-text-color has-palette-color-4-color has-alpha-channel-opacity has-palette-color-4-background-color has-background is-style-wide\"\/>\n\n\n\n<div style=\"height:52px\" aria-hidden=\"true\" class=\"wp-block-spacer\"><\/div>\n\n\n\n<div class=\"is-layout-flex wp-container-7 wp-block-columns alignwide are-vertically-aligned-center\">\n<div class=\"is-layout-flow wp-block-column is-vertically-aligned-center\" style=\"flex-basis:15%\">\n<figure class=\"wp-block-image size-full is-resized\"><a href=\"https:\/\/www.ens-bousaada.dz\/ar\/wp-content\/uploads\/2023\/05\/\u062a\u0635\u0631\u064a\u062d-\u0634\u0631\u0641\u064a-\u062e\u0627\u0635-\u0628\u0627\u0644\u0645\u0637\u0628\u0648\u0639\u0627\u062a.pdf\" target=\"_blank\" rel=\"noreferrer noopener\"><img decoding=\"async\" loading=\"lazy\" src=\"https:\/\/www.ens-bousaada.dz\/ar\/wp-content\/uploads\/2023\/02\/pdf1.png\" alt=\"\" class=\"wp-image-1352\" width=\"46\" height=\"58\"\/><\/a><\/figure>\n<\/div>\n\n\n\n<div class=\"is-layout-flow wp-block-column is-vertically-aligned-center\" style=\"flex-basis:85%\">\n<p class=\"has-medium-font-size\"><strong><a href=\"https:\/\/www.ens-bousaada.dz\/ar\/wp-content\/uploads\/2023\/01\/\u0625\u0639\u0644\u0627\u0646-\u0639\u0646-\u0627\u062c\u062a\u0645\u0627\u0639-\u0627\u0644\u0644\u062c\u0646\u0629-\u0627\u0644\u0639\u0644\u0645\u064a\u0629.pdf\" target=\"_blank\" rel=\"noreferrer noopener\">Annonce de la r\u00e9union du comit\u00e9 scientifique du d\u00e9partement d&rsquo;arabe du 30 janvier 2023<\/a><\/strong><\/p>\n<\/div>\n\n\n\n<div class=\"is-layout-flow wp-block-column is-vertically-aligned-center\" style=\"flex-basis:100%\">\n<div class=\"is-layout-flex wp-container-5 wp-block-columns are-vertically-aligned-center\">\n<div class=\"is-layout-flow wp-block-column is-vertically-aligned-center\" style=\"flex-basis:15%\">\n<figure class=\"wp-block-image is-resized\"><a href=\"https:\/\/www.ens-bousaada.dz\/ar\/wp-content\/uploads\/2023\/05\/\u0645\u0639\u0627\u064a\u064a\u0631-\u0625\u0633\u0646\u0627\u062f-\u0627\u0644\u0645\u0642\u0627\u064a\u064a\u0633-1.pdf\" target=\"_blank\" rel=\"noreferrer noopener\"><img decoding=\"async\" loading=\"lazy\" src=\"https:\/\/www.ens-bousaada.dz\/ar\/wp-content\/uploads\/2023\/02\/image-1.png\" alt=\"\" class=\"wp-image-1320\" width=\"46\" height=\"56\"\/><\/a><\/figure>\n<\/div>\n\n\n\n<div class=\"is-layout-flow wp-block-column is-vertically-aligned-center\" style=\"flex-basis:85%\">\n<p class=\"has-medium-font-size\"><strong><strong><a href=\"https:\/\/www.ens-bousaada.dz\/ar\/wp-content\/uploads\/2023\/03\/\u0625\u0639\u0644\u0627\u0646-\u0639\u0646-\u0627\u062c\u062a\u0645\u0627\u0639.pdf\" target=\"_blank\" rel=\"noreferrer noopener\">Annonce de la tenue d&rsquo;une r\u00e9union du Comit\u00e9 Scientifique du D\u00e9partement d&rsquo;Arabe le mardi 21 mars 2023<\/a><\/strong><\/strong><\/p>\n<\/div>\n<\/div>\n<\/div>\n<\/div>\n\n\n\n<div style=\"height:61px\" aria-hidden=\"true\" class=\"wp-block-spacer\"><\/div>\n\n\n\n<hr class=\"wp-block-separator has-text-color has-palette-color-3-color has-alpha-channel-opacity has-palette-color-3-background-color has-background is-style-wide\"\/>\n","protected":false},"excerpt":{"rendered":"<p>Annonce de la r\u00e9union du comit\u00e9 scientifique du d\u00e9partement d&rsquo;arabe du 30 janvier 2023 Annonce de la tenue d&rsquo;une r\u00e9union du Comit\u00e9 Scientifique du D\u00e9partement d&rsquo;Arabe le mardi 21 mars 2023<\/p>\n","protected":false},"author":2,"featured_media":0,"parent":0,"menu_order":0,"comment_status":"closed","ping_status":"closed","template":"","meta":[],"blocksy_meta":{"styles_descriptor":{"styles":{"desktop":"","tablet":"","mobile":""},"google_fonts":[],"version":5}},"_links":{"self":[{"href":"https:\/\/www.ens-bousaada.dz\/fr\/index.php\/wp-json\/wp\/v2\/pages\/1098"}],"collection":[{"href":"https:\/\/www.ens-bousaada.dz\/fr\/index.php\/wp-json\/wp\/v2\/pages"}],"about":[{"href":"https:\/\/www.ens-bousaada.dz\/fr\/index.php\/wp-json\/wp\/v2\/types\/page"}],"author":[{"embeddable":true,"href":"https:\/\/www.ens-bousaada.dz\/fr\/index.php\/wp-json\/wp\/v2\/users\/2"}],"replies":[{"embeddable":true,"href":"https:\/\/www.ens-bousaada.dz\/fr\/index.php\/wp-json\/wp\/v2\/comments?post=1098"}],"version-history":[{"count":2,"href":"https:\/\/www.ens-bousaada.dz\/fr\/index.php\/wp-json\/wp\/v2\/pages\/1098\/revisions"}],"predecessor-version":[{"id":1103,"href":"https:\/\/www.ens-bousaada.dz\/fr\/index.php\/wp-json\/wp\/v2\/pages\/1098\/revisions\/1103"}],"wp:attachment":[{"href":"https:\/\/www.ens-bousaada.dz\/fr\/index.php\/wp-json\/wp\/v2\/media?parent=1098"}],"curies":[{"name":"wp","href":"https:\/\/api.w.org\/{rel}","templated":true}]}}