{"id":1107,"date":"2023-05-02T17:05:47","date_gmt":"2023-05-02T15:05:47","guid":{"rendered":"https:\/\/www.ens-bousaada.dz\/fr\/?page_id=1107"},"modified":"2023-05-02T17:08:54","modified_gmt":"2023-05-02T15:08:54","slug":"comite-scientifique-du-departement-de-langue-francaise","status":"publish","type":"page","link":"https:\/\/www.ens-bousaada.dz\/fr\/index.php\/comite-scientifique-du-departement-de-langue-francaise\/","title":{"rendered":"Comit\u00e9 Scientifique du D\u00e9partement de Langue Fran\u00e7aise"},"content":{"rendered":"\n<div style=\"height:54px\" aria-hidden=\"true\" class=\"wp-block-spacer\"><\/div>\n\n\n\n<figure class=\"wp-block-image size-full is-resized\"><img decoding=\"async\" loading=\"lazy\" src=\"https:\/\/www.ens-bousaada.dz\/fr\/wp-content\/uploads\/2023\/05\/banner-conseil_lang-francaise-fr.png\" alt=\"\" class=\"wp-image-1110\" width=\"1336\" height=\"234\" srcset=\"https:\/\/www.ens-bousaada.dz\/fr\/wp-content\/uploads\/2023\/05\/banner-conseil_lang-francaise-fr.png 1024w, https:\/\/www.ens-bousaada.dz\/fr\/wp-content\/uploads\/2023\/05\/banner-conseil_lang-francaise-fr-300x52.png 300w, https:\/\/www.ens-bousaada.dz\/fr\/wp-content\/uploads\/2023\/05\/banner-conseil_lang-francaise-fr-768x134.png 768w\" sizes=\"(max-width: 1336px) 100vw, 1336px\" \/><\/figure>\n\n\n\n<div style=\"height:22px\" aria-hidden=\"true\" class=\"wp-block-spacer\"><\/div>\n\n\n\n<hr class=\"wp-block-separator has-text-color has-palette-color-3-color has-alpha-channel-opacity has-palette-color-3-background-color has-background is-style-wide\"\/>\n\n\n\n<div style=\"height:45px\" aria-hidden=\"true\" class=\"wp-block-spacer\"><\/div>\n","protected":false},"excerpt":{"rendered":"","protected":false},"author":2,"featured_media":0,"parent":0,"menu_order":0,"comment_status":"closed","ping_status":"closed","template":"","meta":[],"blocksy_meta":{"styles_descriptor":{"styles":{"desktop":"","tablet":"","mobile":""},"google_fonts":[],"version":5}},"_links":{"self":[{"href":"https:\/\/www.ens-bousaada.dz\/fr\/index.php\/wp-json\/wp\/v2\/pages\/1107"}],"collection":[{"href":"https:\/\/www.ens-bousaada.dz\/fr\/index.php\/wp-json\/wp\/v2\/pages"}],"about":[{"href":"https:\/\/www.ens-bousaada.dz\/fr\/index.php\/wp-json\/wp\/v2\/types\/page"}],"author":[{"embeddable":true,"href":"https:\/\/www.ens-bousaada.dz\/fr\/index.php\/wp-json\/wp\/v2\/users\/2"}],"replies":[{"embeddable":true,"href":"https:\/\/www.ens-bousaada.dz\/fr\/index.php\/wp-json\/wp\/v2\/comments?post=1107"}],"version-history":[{"count":4,"href":"https:\/\/www.ens-bousaada.dz\/fr\/index.php\/wp-json\/wp\/v2\/pages\/1107\/revisions"}],"predecessor-version":[{"id":1112,"href":"https:\/\/www.ens-bousaada.dz\/fr\/index.php\/wp-json\/wp\/v2\/pages\/1107\/revisions\/1112"}],"wp:attachment":[{"href":"https:\/\/www.ens-bousaada.dz\/fr\/index.php\/wp-json\/wp\/v2\/media?parent=1107"}],"curies":[{"name":"wp","href":"https:\/\/api.w.org\/{rel}","templated":true}]}}