{"id":1145,"date":"2023-05-09T17:20:43","date_gmt":"2023-05-09T15:20:43","guid":{"rendered":"https:\/\/www.ens-bousaada.dz\/fr\/?page_id=1145"},"modified":"2023-05-10T13:14:33","modified_gmt":"2023-05-10T11:14:33","slug":"un-espace-dedie-aux-enseignants-contractuels","status":"publish","type":"page","link":"https:\/\/www.ens-bousaada.dz\/fr\/index.php\/un-espace-dedie-aux-enseignants-contractuels\/","title":{"rendered":"Un espace d\u00e9di\u00e9 aux enseignants contractuels"},"content":{"rendered":"\n<div style=\"height:45px\" aria-hidden=\"true\" class=\"wp-block-spacer\"><\/div>\n\n\n\n<figure class=\"wp-block-image size-full is-resized\"><img decoding=\"async\" loading=\"lazy\" src=\"https:\/\/www.ens-bousaada.dz\/fr\/wp-content\/uploads\/2023\/05\/banner-espace_enseig_vac-fr-1024x179-1.png\" alt=\"\" class=\"wp-image-1144\" width=\"1238\" height=\"216\" srcset=\"https:\/\/www.ens-bousaada.dz\/fr\/wp-content\/uploads\/2023\/05\/banner-espace_enseig_vac-fr-1024x179-1.png 1024w, https:\/\/www.ens-bousaada.dz\/fr\/wp-content\/uploads\/2023\/05\/banner-espace_enseig_vac-fr-1024x179-1-300x52.png 300w, https:\/\/www.ens-bousaada.dz\/fr\/wp-content\/uploads\/2023\/05\/banner-espace_enseig_vac-fr-1024x179-1-768x134.png 768w\" sizes=\"(max-width: 1238px) 100vw, 1238px\" \/><\/figure>\n\n\n\n<div style=\"height:63px\" aria-hidden=\"true\" class=\"wp-block-spacer\"><\/div>\n\n\n\n<hr class=\"wp-block-separator has-text-color has-palette-color-3-color has-alpha-channel-opacity has-palette-color-3-background-color has-background is-style-wide\"\/>\n\n\n\n<div style=\"height:97px\" aria-hidden=\"true\" class=\"wp-block-spacer\"><\/div>\n\n\n\n<hr class=\"wp-block-separator has-alpha-channel-opacity is-style-wide\"\/>\n\n\n\n<div class=\"is-layout-flex wp-container-3 wp-block-columns\">\n<div class=\"is-layout-flow wp-block-column\">\n<figure class=\"wp-block-image size-large is-resized\"><a href=\"https:\/\/www.ens-bousaada.dz\/fr\/wp-content\/uploads\/2023\/05\/\u0625\u0639\u0640\u0640\u0640\u0640\u0640\u0644\u0627\u0646_Page_2-732x1024-2.pdf\" target=\"_blank\" rel=\"noreferrer noopener\"><img decoding=\"async\" loading=\"lazy\" src=\"https:\/\/www.ens-bousaada.dz\/ar\/wp-content\/uploads\/2023\/01\/\u0627\u0639\u0644\u0627\u0646-\u062e\u0627\u0635-\u0628\u0627\u0644\u0623\u0633\u0627\u062a\u0630\u0629-\u0627\u0644\u0645\u0624\u0642\u062a\u064a\u0646-724x1024.png\" alt=\"\" class=\"wp-image-1207\" width=\"580\" height=\"900\"\/><\/a><\/figure>\n\n\n\n<div style=\"height:67px\" aria-hidden=\"true\" class=\"wp-block-spacer\"><\/div>\n<\/div>\n\n\n\n<div class=\"is-layout-flow wp-block-column\">\n<figure class=\"wp-block-image alignright size-large is-resized\"><a href=\"https:\/\/www.ens-bousaada.dz\/fr\/wp-content\/uploads\/2023\/05\/\u0625\u0639\u0640\u0640\u0640\u0640\u0640\u0644\u0627\u0646_Page_2-732x1024-1.pdf\" target=\"_blank\" rel=\"noreferrer noopener\"><img decoding=\"async\" loading=\"lazy\" src=\"https:\/\/www.ens-bousaada.dz\/ar\/wp-content\/uploads\/2023\/01\/\u0625\u0639\u0640\u0640\u0640\u0640\u0640\u0644\u0627\u0646_Page_2-732x1024.png\" alt=\"\" class=\"wp-image-1194\" width=\"580\" height=\"900\"\/><\/a><\/figure>\n<\/div>\n<\/div>\n\n\n\n<div style=\"height:48px\" aria-hidden=\"true\" class=\"wp-block-spacer\"><\/div>\n\n\n\n<hr class=\"wp-block-separator has-text-color has-palette-color-3-color has-alpha-channel-opacity has-palette-color-3-background-color has-background is-style-wide\"\/>\n\n\n\n<div style=\"height:60px\" aria-hidden=\"true\" class=\"wp-block-spacer\"><\/div>\n\n\n\n<p class=\"has-text-align-center has-medium-font-size\"><strong>Les documents peuvent \u00eatre t\u00e9l\u00e9charg\u00e9s via le lien suivant : <a href=\"https:\/\/www.ens-bousaada.dz\/ar\/?page_id=36\" target=\"_blank\" rel=\"noreferrer noopener\">Lien de t\u00e9l\u00e9chargement<\/a><\/strong><\/p>\n\n\n\n<div style=\"height:163px\" aria-hidden=\"true\" class=\"wp-block-spacer\"><\/div>\n","protected":false},"excerpt":{"rendered":"<p>Les documents peuvent \u00eatre t\u00e9l\u00e9charg\u00e9s via le lien suivant : Lien de t\u00e9l\u00e9chargement<\/p>\n","protected":false},"author":2,"featured_media":0,"parent":0,"menu_order":0,"comment_status":"closed","ping_status":"closed","template":"","meta":[],"blocksy_meta":{"styles_descriptor":{"styles":{"desktop":"","tablet":"","mobile":""},"google_fonts":[],"version":5}},"_links":{"self":[{"href":"https:\/\/www.ens-bousaada.dz\/fr\/index.php\/wp-json\/wp\/v2\/pages\/1145"}],"collection":[{"href":"https:\/\/www.ens-bousaada.dz\/fr\/index.php\/wp-json\/wp\/v2\/pages"}],"about":[{"href":"https:\/\/www.ens-bousaada.dz\/fr\/index.php\/wp-json\/wp\/v2\/types\/page"}],"author":[{"embeddable":true,"href":"https:\/\/www.ens-bousaada.dz\/fr\/index.php\/wp-json\/wp\/v2\/users\/2"}],"replies":[{"embeddable":true,"href":"https:\/\/www.ens-bousaada.dz\/fr\/index.php\/wp-json\/wp\/v2\/comments?post=1145"}],"version-history":[{"count":13,"href":"https:\/\/www.ens-bousaada.dz\/fr\/index.php\/wp-json\/wp\/v2\/pages\/1145\/revisions"}],"predecessor-version":[{"id":1178,"href":"https:\/\/www.ens-bousaada.dz\/fr\/index.php\/wp-json\/wp\/v2\/pages\/1145\/revisions\/1178"}],"wp:attachment":[{"href":"https:\/\/www.ens-bousaada.dz\/fr\/index.php\/wp-json\/wp\/v2\/media?parent=1145"}],"curies":[{"name":"wp","href":"https:\/\/api.w.org\/{rel}","templated":true}]}}