{"id":1225,"date":"2023-05-10T16:45:00","date_gmt":"2023-05-10T14:45:00","guid":{"rendered":"https:\/\/www.ens-bousaada.dz\/fr\/?page_id=1225"},"modified":"2023-05-10T17:05:31","modified_gmt":"2023-05-10T15:05:31","slug":"laboratoire-de-mathematiques-et-physique-appliquee","status":"publish","type":"page","link":"https:\/\/www.ens-bousaada.dz\/fr\/index.php\/laboratoire-de-mathematiques-et-physique-appliquee\/","title":{"rendered":"Laboratoire de Math\u00e9matiques et Physique Appliqu\u00e9e"},"content":{"rendered":"\n<div style=\"height:62px\" aria-hidden=\"true\" class=\"wp-block-spacer\"><\/div>\n\n\n\n<figure class=\"wp-block-image size-full is-resized\"><img decoding=\"async\" loading=\"lazy\" src=\"https:\/\/www.ens-bousaada.dz\/fr\/wp-content\/uploads\/2023\/05\/banner_labo-mat-physapp-fr-1024x192-1.png\" alt=\"\" class=\"wp-image-1228\" width=\"1242\" height=\"233\" srcset=\"https:\/\/www.ens-bousaada.dz\/fr\/wp-content\/uploads\/2023\/05\/banner_labo-mat-physapp-fr-1024x192-1.png 1024w, https:\/\/www.ens-bousaada.dz\/fr\/wp-content\/uploads\/2023\/05\/banner_labo-mat-physapp-fr-1024x192-1-300x56.png 300w, https:\/\/www.ens-bousaada.dz\/fr\/wp-content\/uploads\/2023\/05\/banner_labo-mat-physapp-fr-1024x192-1-768x144.png 768w\" sizes=\"(max-width: 1242px) 100vw, 1242px\" \/><\/figure>\n\n\n\n<div style=\"height:100px\" aria-hidden=\"true\" class=\"wp-block-spacer\"><\/div>\n\n\n\n<hr class=\"wp-block-separator has-text-color has-palette-color-3-color has-alpha-channel-opacity has-palette-color-3-background-color has-background is-style-wide\"\/>\n\n\n\n<div style=\"height:50px\" aria-hidden=\"true\" class=\"wp-block-spacer\"><\/div>\n\n\n\n<div class=\"is-layout-flex wp-container-4 wp-block-columns\">\n<div class=\"is-layout-flow wp-block-column\">\n<figure class=\"wp-block-image alignleft size-full\"><img decoding=\"async\" src=\"https:\/\/www.ens-bousaada.dz\/ar\/wp-content\/uploads\/2023\/01\/personne-inconnu.jpg\" alt=\"\" class=\"wp-image-317\"\/><\/figure>\n<\/div>\n\n\n\n<div class=\"is-layout-flow wp-block-column\">\n<figure class=\"wp-block-image aligncenter size-full has-custom-border\"><img decoding=\"async\" src=\"https:\/\/www.ens-bousaada.dz\/ar\/wp-content\/uploads\/2023\/01\/equip_admin.png\" alt=\"\u0627\u0644\u0637\u0627\u0642\u0645 \u0627\u0644\u0625\u062f\u0627\u0631\u064a\" class=\"wp-image-299\" style=\"border-radius:10px\"\/><\/figure>\n<\/div>\n\n\n\n<div class=\"is-layout-flow wp-block-column\">\n<figure class=\"wp-block-image aligncenter size-full is-resized\"><img decoding=\"async\" loading=\"lazy\" src=\"https:\/\/www.ens-bousaada.dz\/ar\/wp-content\/uploads\/2023\/01\/contact-dep.png\" alt=\"\" class=\"wp-image-297\" width=\"378\" height=\"141\"\/><\/figure>\n<\/div>\n<\/div>\n\n\n\n<hr class=\"wp-block-separator has-text-color has-palette-color-3-color has-alpha-channel-opacity has-palette-color-3-background-color has-background is-style-wide\"\/>\n\n\n\n<div style=\"height:44px\" aria-hidden=\"true\" class=\"wp-block-spacer\"><\/div>\n\n\n\n<div style=\"height:33px\" aria-hidden=\"true\" class=\"wp-block-spacer\"><\/div>\n\n\n\n<div class=\"is-layout-flex wp-container-11 wp-block-columns\">\n<div class=\"is-layout-constrained wp-block-column\" style=\"flex-basis:500px\">\n<main class=\"is-vertical is-layout-flex wp-container-5 wp-block-group\" style=\"border-style:none;border-width:0px;border-radius:0px;padding-top:0;padding-right:0;padding-bottom:0;padding-left:0\">\n<h4>Directeur de laboratoire :<\/h4>\n<h4>Dr : belouadah rabah<\/h4>\n\n\n\n<p><\/p>\n\n\n\n<h4 class=\"has-text-align-right\">Informations de contact<\/h4>\n\n\n\n<p class=\"has-text-align-right\"><strong>le t\u00e9l\u00e9phone:<\/strong><\/p>\n\n\n\n<p><strong>Fax:<\/strong><\/p>\n\n\n\n<p><strong>Email:<\/strong> <\/p>\n\n\n\n<figure class=\"wp-block-table\"><table><tbody><tr><td>belouadah.rabah@ens-bousaada.dz<\/td><\/tr><\/tbody><\/table><\/figure>\n\n\n\n<p><\/p>\n\n\n\n<p> <\/p>\n<\/main>\n<\/div>\n\n\n\n<div class=\"is-content-justification-center is-layout-constrained wp-container-7 wp-block-column\" style=\"border-style:none;border-width:0px;padding-top:0;padding-right:0;padding-bottom:0;padding-left:0;flex-basis:700px\">\n<h3 style=\"padding-right: 40px; text-align: left;\">Equipes du laboratoire :<\/h3>\n<p>\u00a0<\/p>\n\n\n\n<p class=\"has-text-align-left has-medium-font-size\"><a rel=\"noreferrer noopener\" href=\"https:\/\/www.ens-bousaada.dz\/ar\/?page_id=1356\" target=\"_blank\"><strong>le premier groupe :<\/strong><\/a><\/p>\n\n\n\n<p><\/p>\n\n\n\n<h2><\/h2>\n\n\n\n<div style=\"height:100px\" aria-hidden=\"true\" class=\"wp-block-spacer\"><\/div>\n\n\n\n<p class=\"has-text-align-left has-medium-font-size\"><a rel=\"noreferrer noopener\" href=\"https:\/\/www.ens-bousaada.dz\/ar\/?page_id=1358\" target=\"_blank\"><strong>La deuxi\u00e8me \u00e9quipe :<\/strong><\/a><\/p>\n\n\n\n<h2><\/h2>\n\n\n\n<div style=\"height:100px\" aria-hidden=\"true\" class=\"wp-block-spacer\"><\/div>\n\n\n\n<p class=\"has-text-align-left has-medium-font-size\"><a rel=\"noreferrer noopener\" href=\"https:\/\/www.ens-bousaada.dz\/ar\/?page_id=1361\" target=\"_blank\"><strong>La troisi\u00e8me \u00e9quipe :&nbsp;<\/strong><\/a><\/p>\n\n\n\n<h2><\/h2>\n\n\n\n<div style=\"height:100px\" aria-hidden=\"true\" class=\"wp-block-spacer\"><\/div>\n\n\n\n<p class=\"has-text-align-left has-medium-font-size\"><strong><a rel=\"noreferrer noopener\" href=\"https:\/\/www.ens-bousaada.dz\/ar\/?page_id=1363\" target=\"_blank\">la quatrieme \u00e9quipe :<\/a><\/strong><\/p>\n\n\n\n<h2><\/h2>\n\n\n\n<div style=\"height:100px\" aria-hidden=\"true\" class=\"wp-block-spacer\"><\/div>\n\n\n\n<p><\/p>\n\n\n\n<p style=\"padding-right: 40px;\"><\/p>\n<\/div>\n\n\n\n<div class=\"is-content-justification-center is-layout-constrained wp-container-10 wp-block-column\" style=\"padding-top:0;padding-right:0;padding-bottom:0;padding-left:0;flex-basis:700px\">\n<div class=\"is-vertical is-layout-flex wp-container-8 wp-block-group\">\n<h3 style=\"padding-right: 40px; text-align: left;\">Activit\u00e9s du laboratoire :<\/h3>\n<p>\u00a0<\/p>\n\n\n\n<p class=\"has-text-align-left has-medium-font-size\"><a rel=\"noreferrer noopener\" href=\"https:\/\/www.ens-bousaada.dz\/ar\/?page_id=1356\" target=\"_blank\"><\/a><a rel=\"noreferrer noopener\" href=\"https:\/\/www.ens-bousaada.dz\/ar\/?page_id=1356\" target=\"_blank\">l<strong>e premier groupe :<\/strong><\/a><\/p>\n\n\n\n<div style=\"height:100px\" aria-hidden=\"true\" class=\"wp-block-spacer\"><\/div>\n\n\n\n<p class=\"has-text-align-left has-medium-font-size\"><a rel=\"noreferrer noopener\" href=\"https:\/\/www.ens-bousaada.dz\/ar\/?page_id=1358\" target=\"_blank\"><strong><a rel=\"noreferrer noopener\" href=\"https:\/\/www.ens-bousaada.dz\/ar\/?page_id=1358\" target=\"_blank\"><strong>La deuxi\u00e8me \u00e9quipe :<\/strong><\/a><\/strong><\/a><\/p>\n\n\n\n<p><\/p>\n\n\n\n<p><\/p>\n\n\n\n<div style=\"height:100px\" aria-hidden=\"true\" class=\"wp-block-spacer\"><\/div>\n\n\n\n<p class=\"has-text-align-left has-medium-font-size\"><strong><a rel=\"noreferrer noopener\" href=\"https:\/\/www.ens-bousaada.dz\/ar\/?page_id=1361\" target=\"_blank\"><a rel=\"noreferrer noopener\" href=\"https:\/\/www.ens-bousaada.dz\/ar\/?page_id=1361\" target=\"_blank\">La troisi\u00e8me \u00e9quipe <strong>:\u00a0<\/strong><\/a><\/a><\/strong><\/p>\n<\/div>\n\n\n\n<p><\/p>\n\n\n\n<div style=\"height:100px\" aria-hidden=\"true\" class=\"wp-block-spacer\"><\/div>\n\n\n\n<div class=\"is-vertical is-layout-flex wp-container-9 wp-block-group\">\n<p><\/p>\n\n\n\n<p><\/p>\n\n\n\n<p class=\"has-text-align-left has-medium-font-size\"><strong><a rel=\"noreferrer noopener\" href=\"https:\/\/www.ens-bousaada.dz\/ar\/?page_id=1363\" target=\"_blank\"><strong><a rel=\"noreferrer noopener\" href=\"https:\/\/www.ens-bousaada.dz\/ar\/?page_id=1363\" target=\"_blank\">la quatrieme \u00e9quipe :<\/a><\/strong><\/a><\/strong><\/p>\n\n\n\n<div style=\"height:100px\" aria-hidden=\"true\" class=\"wp-block-spacer\"><\/div>\n\n\n\n<p><\/p>\n\n\n\n<p><\/p>\n<\/div>\n<\/div>\n<\/div>\n","protected":false},"excerpt":{"rendered":"<p>Directeur de laboratoire : Dr : belouadah rabah Informations de contact le t\u00e9l\u00e9phone: Fax: Email: belouadah.rabah@ens-bousaada.dz Equipes du laboratoire : \u00a0 le premier groupe : La deuxi\u00e8me \u00e9quipe : La troisi\u00e8me \u00e9quipe :&nbsp; la quatrieme \u00e9quipe : Activit\u00e9s du laboratoire : \u00a0 le premier groupe : La deuxi\u00e8me \u00e9quipe : La troisi\u00e8me \u00e9quipe :\u00a0 la quatrieme \u00e9quipe :<\/p>\n","protected":false},"author":2,"featured_media":0,"parent":0,"menu_order":0,"comment_status":"closed","ping_status":"closed","template":"","meta":[],"blocksy_meta":{"styles_descriptor":{"styles":{"desktop":"","tablet":"","mobile":""},"google_fonts":[],"version":5}},"_links":{"self":[{"href":"https:\/\/www.ens-bousaada.dz\/fr\/index.php\/wp-json\/wp\/v2\/pages\/1225"}],"collection":[{"href":"https:\/\/www.ens-bousaada.dz\/fr\/index.php\/wp-json\/wp\/v2\/pages"}],"about":[{"href":"https:\/\/www.ens-bousaada.dz\/fr\/index.php\/wp-json\/wp\/v2\/types\/page"}],"author":[{"embeddable":true,"href":"https:\/\/www.ens-bousaada.dz\/fr\/index.php\/wp-json\/wp\/v2\/users\/2"}],"replies":[{"embeddable":true,"href":"https:\/\/www.ens-bousaada.dz\/fr\/index.php\/wp-json\/wp\/v2\/comments?post=1225"}],"version-history":[{"count":5,"href":"https:\/\/www.ens-bousaada.dz\/fr\/index.php\/wp-json\/wp\/v2\/pages\/1225\/revisions"}],"predecessor-version":[{"id":1235,"href":"https:\/\/www.ens-bousaada.dz\/fr\/index.php\/wp-json\/wp\/v2\/pages\/1225\/revisions\/1235"}],"wp:attachment":[{"href":"https:\/\/www.ens-bousaada.dz\/fr\/index.php\/wp-json\/wp\/v2\/media?parent=1225"}],"curies":[{"name":"wp","href":"https:\/\/api.w.org\/{rel}","templated":true}]}}