{"id":419,"date":"2023-01-02T07:14:36","date_gmt":"2023-01-02T06:14:36","guid":{"rendered":"https:\/\/www.ens-bousaada.dz\/fr\/?page_id=419"},"modified":"2023-01-02T07:14:36","modified_gmt":"2023-01-02T06:14:36","slug":"le-directeur-adjoint-charge-des-systemesdinformation-et-de-communication-et-des-relationsexterieures","status":"publish","type":"page","link":"https:\/\/www.ens-bousaada.dz\/fr\/index.php\/le-directeur-adjoint-charge-des-systemesdinformation-et-de-communication-et-des-relationsexterieures\/","title":{"rendered":"Le directeur adjoint charg\u00e9 des syst\u00e8mes<br>d&rsquo;information et de communication et des relations<br>ext\u00e9rieures"},"content":{"rendered":"","protected":false},"excerpt":{"rendered":"","protected":false},"author":1,"featured_media":0,"parent":0,"menu_order":0,"comment_status":"closed","ping_status":"closed","template":"","meta":[],"blocksy_meta":{"styles_descriptor":{"styles":{"desktop":"","tablet":"","mobile":""},"google_fonts":[],"version":5}},"_links":{"self":[{"href":"https:\/\/www.ens-bousaada.dz\/fr\/index.php\/wp-json\/wp\/v2\/pages\/419"}],"collection":[{"href":"https:\/\/www.ens-bousaada.dz\/fr\/index.php\/wp-json\/wp\/v2\/pages"}],"about":[{"href":"https:\/\/www.ens-bousaada.dz\/fr\/index.php\/wp-json\/wp\/v2\/types\/page"}],"author":[{"embeddable":true,"href":"https:\/\/www.ens-bousaada.dz\/fr\/index.php\/wp-json\/wp\/v2\/users\/1"}],"replies":[{"embeddable":true,"href":"https:\/\/www.ens-bousaada.dz\/fr\/index.php\/wp-json\/wp\/v2\/comments?post=419"}],"version-history":[{"count":1,"href":"https:\/\/www.ens-bousaada.dz\/fr\/index.php\/wp-json\/wp\/v2\/pages\/419\/revisions"}],"predecessor-version":[{"id":420,"href":"https:\/\/www.ens-bousaada.dz\/fr\/index.php\/wp-json\/wp\/v2\/pages\/419\/revisions\/420"}],"wp:attachment":[{"href":"https:\/\/www.ens-bousaada.dz\/fr\/index.php\/wp-json\/wp\/v2\/media?parent=419"}],"curies":[{"name":"wp","href":"https:\/\/api.w.org\/{rel}","templated":true}]}}