{"id":425,"date":"2023-01-02T07:18:32","date_gmt":"2023-01-02T06:18:32","guid":{"rendered":"https:\/\/www.ens-bousaada.dz\/fr\/?page_id=425"},"modified":"2023-01-04T08:04:38","modified_gmt":"2023-01-04T07:04:38","slug":"secretairegeneral","status":"publish","type":"page","link":"https:\/\/www.ens-bousaada.dz\/fr\/index.php\/secretairegeneral\/","title":{"rendered":"Secr\u00e9taire g\u00e9n\u00e9ral"},"content":{"rendered":"\n<div style=\"height:17px\" aria-hidden=\"true\" class=\"wp-block-spacer\"><\/div>\n\n\n\n<figure class=\"wp-block-image aligncenter size-large is-resized\"><img decoding=\"async\" loading=\"lazy\" src=\"https:\/\/www.ens-bousaada.dz\/fr\/wp-content\/uploads\/2023\/01\/banner-sgfr-1024x179.png\" alt=\"\" class=\"wp-image-583\" width=\"1054\" height=\"184\" srcset=\"https:\/\/www.ens-bousaada.dz\/fr\/wp-content\/uploads\/2023\/01\/banner-sgfr-1024x179.png 1024w, https:\/\/www.ens-bousaada.dz\/fr\/wp-content\/uploads\/2023\/01\/banner-sgfr-300x53.png 300w, https:\/\/www.ens-bousaada.dz\/fr\/wp-content\/uploads\/2023\/01\/banner-sgfr-768x134.png 768w, https:\/\/www.ens-bousaada.dz\/fr\/wp-content\/uploads\/2023\/01\/banner-sgfr-1536x269.png 1536w, https:\/\/www.ens-bousaada.dz\/fr\/wp-content\/uploads\/2023\/01\/banner-sgfr.png 2000w\" sizes=\"(max-width: 1054px) 100vw, 1054px\" \/><\/figure>\n","protected":false},"excerpt":{"rendered":"","protected":false},"author":1,"featured_media":0,"parent":0,"menu_order":0,"comment_status":"closed","ping_status":"closed","template":"","meta":[],"blocksy_meta":{"styles_descriptor":{"styles":{"desktop":"","tablet":"","mobile":""},"google_fonts":[],"version":5}},"_links":{"self":[{"href":"https:\/\/www.ens-bousaada.dz\/fr\/index.php\/wp-json\/wp\/v2\/pages\/425"}],"collection":[{"href":"https:\/\/www.ens-bousaada.dz\/fr\/index.php\/wp-json\/wp\/v2\/pages"}],"about":[{"href":"https:\/\/www.ens-bousaada.dz\/fr\/index.php\/wp-json\/wp\/v2\/types\/page"}],"author":[{"embeddable":true,"href":"https:\/\/www.ens-bousaada.dz\/fr\/index.php\/wp-json\/wp\/v2\/users\/1"}],"replies":[{"embeddable":true,"href":"https:\/\/www.ens-bousaada.dz\/fr\/index.php\/wp-json\/wp\/v2\/comments?post=425"}],"version-history":[{"count":2,"href":"https:\/\/www.ens-bousaada.dz\/fr\/index.php\/wp-json\/wp\/v2\/pages\/425\/revisions"}],"predecessor-version":[{"id":585,"href":"https:\/\/www.ens-bousaada.dz\/fr\/index.php\/wp-json\/wp\/v2\/pages\/425\/revisions\/585"}],"wp:attachment":[{"href":"https:\/\/www.ens-bousaada.dz\/fr\/index.php\/wp-json\/wp\/v2\/media?parent=425"}],"curies":[{"name":"wp","href":"https:\/\/api.w.org\/{rel}","templated":true}]}}