{"id":854,"date":"2023-03-02T11:48:58","date_gmt":"2023-03-02T10:48:58","guid":{"rendered":"https:\/\/www.ens-bousaada.dz\/fr\/?page_id=854"},"modified":"2023-03-05T15:24:30","modified_gmt":"2023-03-05T14:24:30","slug":"mathematiques-statistiques","status":"publish","type":"page","link":"https:\/\/www.ens-bousaada.dz\/fr\/index.php\/mathematiques-statistiques\/","title":{"rendered":""},"content":{"rendered":"\n<div style=\"height:34px\" aria-hidden=\"true\" class=\"wp-block-spacer\"><\/div>\n\n\n\n<h2>Statistiques pour le D\u00e9partement Math\u00e9matiques<\/h2>\n\n\n\n<div style=\"height:37px\" aria-hidden=\"true\" class=\"wp-block-spacer\"><\/div>\n\n\n\n<figure class=\"wp-block-image size-full\"><img decoding=\"async\" loading=\"lazy\" width=\"1024\" height=\"179\" src=\"https:\/\/www.ens-bousaada.dz\/fr\/wp-content\/uploads\/2023\/03\/banner-dep-mat-fr-.png\" alt=\"\" class=\"wp-image-891\" srcset=\"https:\/\/www.ens-bousaada.dz\/fr\/wp-content\/uploads\/2023\/03\/banner-dep-mat-fr-.png 1024w, https:\/\/www.ens-bousaada.dz\/fr\/wp-content\/uploads\/2023\/03\/banner-dep-mat-fr--300x52.png 300w, https:\/\/www.ens-bousaada.dz\/fr\/wp-content\/uploads\/2023\/03\/banner-dep-mat-fr--768x134.png 768w\" sizes=\"(max-width: 1024px) 100vw, 1024px\" \/><\/figure>\n\n\n\n<div style=\"height:36px\" aria-hidden=\"true\" class=\"wp-block-spacer\"><\/div>\n\n\n\n<hr class=\"wp-block-separator has-text-color has-palette-color-4-color has-alpha-channel-opacity has-palette-color-4-background-color has-background is-style-wide\"\/>\n\n\n\n<div style=\"height:37px\" aria-hidden=\"true\" class=\"wp-block-spacer\"><\/div>\n\n\n\n<p class=\"has-medium-font-size\"><strong>Statistiques d\u00e9partementales pour l\u2019ann\u00e9e 2022-2023 :<\/strong><\/p>\n\n\n\n<div style=\"height:31px\" aria-hidden=\"true\" class=\"wp-block-spacer\"><\/div>\n\n\n\n<figure class=\"wp-block-table is-style-stripes\"><table><tbody><tr><td><\/td><td class=\"has-text-align-center\" data-align=\"center\"><strong>premi\u00e8re ann\u00e9e<\/strong><\/td><td class=\"has-text-align-center\" data-align=\"center\"><strong>la deuxi\u00e8me ann\u00e9e<\/strong><\/td><td class=\"has-text-align-center\" data-align=\"center\"><strong>La troisi\u00e8me ann\u00e9e<\/strong><\/td><td class=\"has-text-align-center\" data-align=\"center\"><strong>quatri\u00e8me ann\u00e9e<\/strong><\/td><td class=\"has-text-align-center\" data-align=\"center\"><strong>cinqui\u00e8me ann\u00e9e<\/strong><\/td><\/tr><tr><td><strong>Enseignant de l&rsquo;enseignement moyenne<\/strong><\/td><td class=\"has-text-align-center\" data-align=\"center\">28<\/td><td class=\"has-text-align-center\" data-align=\"center\">16<\/td><td class=\"has-text-align-center\" data-align=\"center\">27<\/td><td class=\"has-text-align-center\" data-align=\"center\">17<\/td><td class=\"has-text-align-center\" data-align=\"center\">&nbsp;<\/td><\/tr><tr><td><strong>Enseignant de &nbsp;d&rsquo;enseignement secondaire<\/strong><strong><\/strong><\/td><td class=\"has-text-align-center\" data-align=\"center\">23<\/td><td class=\"has-text-align-center\" data-align=\"center\">9<\/td><td class=\"has-text-align-center\" data-align=\"center\">19<\/td><td class=\"has-text-align-center\" data-align=\"center\">27<\/td><td class=\"has-text-align-center\" data-align=\"center\">13<\/td><\/tr><tr><td><strong>le total<\/strong><strong><\/strong><\/td><td class=\"has-text-align-center\" data-align=\"center\">51<\/td><td class=\"has-text-align-center\" data-align=\"center\"><strong>25<\/strong><\/td><td class=\"has-text-align-center\" data-align=\"center\"><strong>46<\/strong><\/td><td class=\"has-text-align-center\" data-align=\"center\"><strong>44<\/strong><\/td><td class=\"has-text-align-center\" data-align=\"center\"><strong>13<\/strong><\/td><\/tr><tr><td><strong>Total G\u00e9n\u00e9ral<\/strong><strong><\/strong><\/td><td class=\"has-text-align-center\" data-align=\"center\"><strong>179<\/strong><\/td><\/tr><\/tbody><\/table><\/figure>\n\n\n\n<p><\/p>\n\n\n\n<div style=\"height:210px\" aria-hidden=\"true\" class=\"wp-block-spacer\"><\/div>\n","protected":false},"excerpt":{"rendered":"<p>Statistiques pour le D\u00e9partement Math\u00e9matiques Statistiques d\u00e9partementales pour l\u2019ann\u00e9e 2022-2023 : premi\u00e8re ann\u00e9e la deuxi\u00e8me ann\u00e9e La troisi\u00e8me ann\u00e9e quatri\u00e8me ann\u00e9e cinqui\u00e8me ann\u00e9e Enseignant de l&rsquo;enseignement moyenne 28 16 27 17 &nbsp; Enseignant de &nbsp;d&rsquo;enseignement secondaire 23 9 19 27 13 le total 51 25 46 44 13 Total G\u00e9n\u00e9ral 179<\/p>\n","protected":false},"author":2,"featured_media":0,"parent":0,"menu_order":0,"comment_status":"closed","ping_status":"closed","template":"","meta":[],"blocksy_meta":{"styles_descriptor":{"styles":{"desktop":"","tablet":"","mobile":""},"google_fonts":[],"version":5}},"_links":{"self":[{"href":"https:\/\/www.ens-bousaada.dz\/fr\/index.php\/wp-json\/wp\/v2\/pages\/854"}],"collection":[{"href":"https:\/\/www.ens-bousaada.dz\/fr\/index.php\/wp-json\/wp\/v2\/pages"}],"about":[{"href":"https:\/\/www.ens-bousaada.dz\/fr\/index.php\/wp-json\/wp\/v2\/types\/page"}],"author":[{"embeddable":true,"href":"https:\/\/www.ens-bousaada.dz\/fr\/index.php\/wp-json\/wp\/v2\/users\/2"}],"replies":[{"embeddable":true,"href":"https:\/\/www.ens-bousaada.dz\/fr\/index.php\/wp-json\/wp\/v2\/comments?post=854"}],"version-history":[{"count":12,"href":"https:\/\/www.ens-bousaada.dz\/fr\/index.php\/wp-json\/wp\/v2\/pages\/854\/revisions"}],"predecessor-version":[{"id":917,"href":"https:\/\/www.ens-bousaada.dz\/fr\/index.php\/wp-json\/wp\/v2\/pages\/854\/revisions\/917"}],"wp:attachment":[{"href":"https:\/\/www.ens-bousaada.dz\/fr\/index.php\/wp-json\/wp\/v2\/media?parent=854"}],"curies":[{"name":"wp","href":"https:\/\/api.w.org\/{rel}","templated":true}]}}