{"id":856,"date":"2023-03-02T11:50:14","date_gmt":"2023-03-02T10:50:14","guid":{"rendered":"https:\/\/www.ens-bousaada.dz\/fr\/?page_id=856"},"modified":"2023-03-05T15:28:09","modified_gmt":"2023-03-05T14:28:09","slug":"statistiques-pour-le-departement-des-sciences-physiques","status":"publish","type":"page","link":"https:\/\/www.ens-bousaada.dz\/fr\/index.php\/statistiques-pour-le-departement-des-sciences-physiques\/","title":{"rendered":""},"content":{"rendered":"\n<div style=\"height:11px\" aria-hidden=\"true\" class=\"wp-block-spacer\"><\/div>\n\n\n\n<div style=\"height:15px\" aria-hidden=\"true\" class=\"wp-block-spacer\"><\/div>\n\n\n\n<h2>Statistiques du D\u00e9partement des sciences physiques<\/h2>\n\n\n\n<div style=\"height:22px\" aria-hidden=\"true\" class=\"wp-block-spacer\"><\/div>\n\n\n\n<figure class=\"wp-block-image size-full\"><img decoding=\"async\" loading=\"lazy\" width=\"1024\" height=\"179\" src=\"https:\/\/www.ens-bousaada.dz\/fr\/wp-content\/uploads\/2023\/03\/banner-dep-phy-fr.png\" alt=\"\" class=\"wp-image-901\" srcset=\"https:\/\/www.ens-bousaada.dz\/fr\/wp-content\/uploads\/2023\/03\/banner-dep-phy-fr.png 1024w, https:\/\/www.ens-bousaada.dz\/fr\/wp-content\/uploads\/2023\/03\/banner-dep-phy-fr-300x52.png 300w, https:\/\/www.ens-bousaada.dz\/fr\/wp-content\/uploads\/2023\/03\/banner-dep-phy-fr-768x134.png 768w\" sizes=\"(max-width: 1024px) 100vw, 1024px\" \/><\/figure>\n\n\n\n<div style=\"height:29px\" aria-hidden=\"true\" class=\"wp-block-spacer\"><\/div>\n\n\n\n<hr class=\"wp-block-separator has-text-color has-palette-color-4-color has-alpha-channel-opacity has-palette-color-4-background-color has-background is-style-wide\"\/>\n\n\n\n<div style=\"height:32px\" aria-hidden=\"true\" class=\"wp-block-spacer\"><\/div>\n\n\n\n<h2><strong><u>d\u00e9partement de physique :<\/u><\/strong><\/h2>\n\n\n\n<div style=\"height:35px\" aria-hidden=\"true\" class=\"wp-block-spacer\"><\/div>\n\n\n\n<figure class=\"wp-block-table is-style-regular has-medium-font-size\"><table style=\"border-width:7px\"><tbody><tr><td class=\"has-text-align-left\" data-align=\"left\"><\/td><td class=\"has-text-align-center\" data-align=\"center\"><strong>premi\u00e8re ann\u00e9e<\/strong><\/td><td class=\"has-text-align-center\" data-align=\"center\"><strong>la deuxi\u00e8me ann\u00e9e<\/strong><\/td><td class=\"has-text-align-center\" data-align=\"center\"><strong>La troisi\u00e8me ann\u00e9e<\/strong><\/td><td class=\"has-text-align-center\" data-align=\"center\"><strong>quatri\u00e8me ann\u00e9e<\/strong><\/td><td class=\"has-text-align-center\" data-align=\"center\"><strong>cinqui\u00e8me ann\u00e9e<\/strong><\/td><\/tr><tr><td class=\"has-text-align-left\" data-align=\"left\"><strong>Enseignant de l&rsquo;enseignement moyenne<\/strong><\/td><td class=\"has-text-align-center\" data-align=\"center\">29<\/td><td class=\"has-text-align-center\" data-align=\"center\">22<\/td><td class=\"has-text-align-center\" data-align=\"center\">27<\/td><td class=\"has-text-align-center\" data-align=\"center\">25<\/td><td class=\"has-text-align-center\" data-align=\"center\">&nbsp;<\/td><\/tr><tr><td class=\"has-text-align-left\" data-align=\"left\"><strong>Enseignant de &nbsp;d&rsquo;enseignement secondaire<\/strong><strong><\/strong><\/td><td class=\"has-text-align-center\" data-align=\"center\">30<\/td><td class=\"has-text-align-center\" data-align=\"center\">18<\/td><td class=\"has-text-align-center\" data-align=\"center\">25<\/td><td class=\"has-text-align-center\" data-align=\"center\">24<\/td><td class=\"has-text-align-center\" data-align=\"center\">10<\/td><\/tr><tr><td class=\"has-text-align-left\" data-align=\"left\"><strong>le total<\/strong><strong><\/strong><\/td><td class=\"has-text-align-center\" data-align=\"center\"><strong>59<\/strong><\/td><td class=\"has-text-align-center\" data-align=\"center\"><strong>40<\/strong><\/td><td class=\"has-text-align-center\" data-align=\"center\"><strong>52<\/strong><\/td><td class=\"has-text-align-center\" data-align=\"center\"><strong>49<\/strong><\/td><td class=\"has-text-align-center\" data-align=\"center\"><strong>10<\/strong><\/td><\/tr><tr><td class=\"has-text-align-left\" data-align=\"left\"><strong>Total G\u00e9n\u00e9ral<\/strong><strong><\/strong><\/td><td class=\"has-text-align-center\" data-align=\"center\"><strong>210<\/strong><\/td><\/tr><\/tbody><\/table><\/figure>\n\n\n\n<div style=\"height:233px\" aria-hidden=\"true\" class=\"wp-block-spacer\"><\/div>\n","protected":false},"excerpt":{"rendered":"<p>Statistiques du D\u00e9partement des sciences physiques d\u00e9partement de physique : premi\u00e8re ann\u00e9e la deuxi\u00e8me ann\u00e9e La troisi\u00e8me ann\u00e9e quatri\u00e8me ann\u00e9e cinqui\u00e8me ann\u00e9e Enseignant de l&rsquo;enseignement moyenne 29 22 27 25 &nbsp; Enseignant de &nbsp;d&rsquo;enseignement secondaire 30 18 25 24 10 le total 59 40 52 49 10 Total G\u00e9n\u00e9ral 210<\/p>\n","protected":false},"author":2,"featured_media":0,"parent":0,"menu_order":0,"comment_status":"closed","ping_status":"closed","template":"","meta":[],"blocksy_meta":{"styles_descriptor":{"styles":{"desktop":"","tablet":"","mobile":""},"google_fonts":[],"version":5}},"_links":{"self":[{"href":"https:\/\/www.ens-bousaada.dz\/fr\/index.php\/wp-json\/wp\/v2\/pages\/856"}],"collection":[{"href":"https:\/\/www.ens-bousaada.dz\/fr\/index.php\/wp-json\/wp\/v2\/pages"}],"about":[{"href":"https:\/\/www.ens-bousaada.dz\/fr\/index.php\/wp-json\/wp\/v2\/types\/page"}],"author":[{"embeddable":true,"href":"https:\/\/www.ens-bousaada.dz\/fr\/index.php\/wp-json\/wp\/v2\/users\/2"}],"replies":[{"embeddable":true,"href":"https:\/\/www.ens-bousaada.dz\/fr\/index.php\/wp-json\/wp\/v2\/comments?post=856"}],"version-history":[{"count":4,"href":"https:\/\/www.ens-bousaada.dz\/fr\/index.php\/wp-json\/wp\/v2\/pages\/856\/revisions"}],"predecessor-version":[{"id":922,"href":"https:\/\/www.ens-bousaada.dz\/fr\/index.php\/wp-json\/wp\/v2\/pages\/856\/revisions\/922"}],"wp:attachment":[{"href":"https:\/\/www.ens-bousaada.dz\/fr\/index.php\/wp-json\/wp\/v2\/media?parent=856"}],"curies":[{"name":"wp","href":"https:\/\/api.w.org\/{rel}","templated":true}]}}