{"id":860,"date":"2023-03-02T11:57:53","date_gmt":"2023-03-02T10:57:53","guid":{"rendered":"https:\/\/www.ens-bousaada.dz\/fr\/?page_id=860"},"modified":"2023-03-05T15:26:43","modified_gmt":"2023-03-05T14:26:43","slug":"statistiques-du-departement-de-langue-arabe","status":"publish","type":"page","link":"https:\/\/www.ens-bousaada.dz\/fr\/index.php\/statistiques-du-departement-de-langue-arabe\/","title":{"rendered":""},"content":{"rendered":"\n<div style=\"height:27px\" aria-hidden=\"true\" class=\"wp-block-spacer\"><\/div>\n\n\n\n<div style=\"height:18px\" aria-hidden=\"true\" class=\"wp-block-spacer\"><\/div>\n\n\n\n<h2>Statistiques du D\u00e9partement de langue arabe<\/h2>\n\n\n\n<p><\/p>\n\n\n\n<p><\/p>\n\n\n\n<div style=\"height:24px\" aria-hidden=\"true\" class=\"wp-block-spacer\"><\/div>\n\n\n\n<div style=\"height:15px\" aria-hidden=\"true\" class=\"wp-block-spacer\"><\/div>\n\n\n\n<figure class=\"wp-block-image size-full\"><img decoding=\"async\" loading=\"lazy\" width=\"1024\" height=\"179\" src=\"https:\/\/www.ens-bousaada.dz\/fr\/wp-content\/uploads\/2023\/03\/banner-dep-fr.png\" alt=\"\" class=\"wp-image-881\" srcset=\"https:\/\/www.ens-bousaada.dz\/fr\/wp-content\/uploads\/2023\/03\/banner-dep-fr.png 1024w, https:\/\/www.ens-bousaada.dz\/fr\/wp-content\/uploads\/2023\/03\/banner-dep-fr-300x52.png 300w, https:\/\/www.ens-bousaada.dz\/fr\/wp-content\/uploads\/2023\/03\/banner-dep-fr-768x134.png 768w\" sizes=\"(max-width: 1024px) 100vw, 1024px\" \/><\/figure>\n\n\n\n<h2>  <\/h2>\n\n\n\n<div style=\"height:35px\" aria-hidden=\"true\" class=\"wp-block-spacer\"><\/div>\n\n\n\n<div style=\"height:29px\" aria-hidden=\"true\" class=\"wp-block-spacer\"><\/div>\n\n\n\n<hr class=\"wp-block-separator has-text-color has-palette-color-4-color has-alpha-channel-opacity has-palette-color-4-background-color has-background is-style-wide\"\/>\n\n\n\n<p><\/p>\n\n\n\n<div style=\"height:14px\" aria-hidden=\"true\" class=\"wp-block-spacer\"><\/div>\n\n\n\n<div style=\"height:27px\" aria-hidden=\"true\" class=\"wp-block-spacer\"><\/div>\n\n\n\n<h2>Statistiques d\u00e9partementales pour l&rsquo;ann\u00e9e 2022-2023 :<\/h2>\n\n\n\n<div style=\"height:39px\" aria-hidden=\"true\" class=\"wp-block-spacer\"><\/div>\n\n\n\n<div style=\"height:27px\" aria-hidden=\"true\" class=\"wp-block-spacer\"><\/div>\n\n\n\n<figure class=\"wp-block-table is-style-stripes\"><table><tbody><tr><td><\/td><td class=\"has-text-align-center\" data-align=\"center\"><strong>premi\u00e8re ann\u00e9e<\/strong><\/td><td class=\"has-text-align-center\" data-align=\"center\"><strong>la deuxi\u00e8me ann\u00e9e<\/strong><\/td><td class=\"has-text-align-center\" data-align=\"center\"><strong>La troisi\u00e8me ann\u00e9e<\/strong><\/td><td class=\"has-text-align-center\" data-align=\"center\"><strong>quatri\u00e8me ann\u00e9e<\/strong><\/td><td class=\"has-text-align-center\" data-align=\"center\"><strong>cinqui\u00e8me ann\u00e9e<\/strong><\/td><\/tr><tr><td><strong>Enseignant d&rsquo;\u00e9cole primaire<\/strong><strong><\/strong><\/td><td class=\"has-text-align-center\" data-align=\"center\">35<\/td><td class=\"has-text-align-center\" data-align=\"center\">30<\/td><td class=\"has-text-align-center\" data-align=\"center\">24<\/td><td class=\"has-text-align-center\" data-align=\"center\">&nbsp;<\/td><td class=\"has-text-align-center\" data-align=\"center\">&nbsp; &nbsp;<\/td><\/tr><tr><td><strong>Enseignant de l&rsquo;enseignement moyenne<\/strong><\/td><td class=\"has-text-align-center\" data-align=\"center\">37<\/td><td class=\"has-text-align-center\" data-align=\"center\">32<\/td><td class=\"has-text-align-center\" data-align=\"center\">36<\/td><td class=\"has-text-align-center\" data-align=\"center\">43<\/td><td class=\"has-text-align-center\" data-align=\"center\">&nbsp; &nbsp;<\/td><\/tr><tr><td><strong>Enseignant de &nbsp;d&rsquo;enseignement secondaire<\/strong><strong><\/strong><\/td><td class=\"has-text-align-center\" data-align=\"center\">12<\/td><td class=\"has-text-align-center\" data-align=\"center\">9<\/td><td class=\"has-text-align-center\" data-align=\"center\">29<\/td><td class=\"has-text-align-center\" data-align=\"center\">27<\/td><td class=\"has-text-align-center\" data-align=\"center\">&nbsp; &nbsp;<\/td><\/tr><tr><td><strong>le total<\/strong><strong><\/strong><\/td><td class=\"has-text-align-center\" data-align=\"center\"><strong>84<\/strong><\/td><td class=\"has-text-align-center\" data-align=\"center\"><strong>71<\/strong><\/td><td class=\"has-text-align-center\" data-align=\"center\"><strong>89<\/strong><\/td><td class=\"has-text-align-center\" data-align=\"center\"><strong>70<\/strong><\/td><td class=\"has-text-align-center\" data-align=\"center\"><strong>0<\/strong><strong><\/strong><\/td><\/tr><tr><td><strong>Total G\u00e9n\u00e9ral<\/strong><strong><\/strong><\/td><td class=\"has-text-align-center\" data-align=\"center\"><strong>314<\/strong><\/td><\/tr><tr><td><\/td><td class=\"has-text-align-center\" data-align=\"center\"><\/td><td class=\"has-text-align-center\" data-align=\"center\"><\/td><td class=\"has-text-align-center\" data-align=\"center\"><\/td><td class=\"has-text-align-center\" data-align=\"center\"><\/td><td class=\"has-text-align-center\" data-align=\"center\"><\/td><td><\/td><td><\/td><td><\/td><td><\/td><td><\/td><\/tr><\/tbody><\/table><\/figure>\n\n\n\n<div style=\"height:281px\" aria-hidden=\"true\" class=\"wp-block-spacer\"><\/div>\n","protected":false},"excerpt":{"rendered":"<p>Statistiques du D\u00e9partement de langue arabe Statistiques d\u00e9partementales pour l&rsquo;ann\u00e9e 2022-2023 : premi\u00e8re ann\u00e9e la deuxi\u00e8me ann\u00e9e La troisi\u00e8me ann\u00e9e quatri\u00e8me ann\u00e9e cinqui\u00e8me ann\u00e9e Enseignant d&rsquo;\u00e9cole primaire 35 30 24 &nbsp; &nbsp; &nbsp; Enseignant de l&rsquo;enseignement moyenne 37 32 36 43 &nbsp; &nbsp; Enseignant de &nbsp;d&rsquo;enseignement secondaire 12 9 29 27 &nbsp; &nbsp; le total 84 71 89 70 0 Total G\u00e9n\u00e9ral 314<\/p>\n","protected":false},"author":2,"featured_media":0,"parent":0,"menu_order":0,"comment_status":"closed","ping_status":"closed","template":"","meta":[],"blocksy_meta":{"styles_descriptor":{"styles":{"desktop":"","tablet":"","mobile":""},"google_fonts":[],"version":5}},"_links":{"self":[{"href":"https:\/\/www.ens-bousaada.dz\/fr\/index.php\/wp-json\/wp\/v2\/pages\/860"}],"collection":[{"href":"https:\/\/www.ens-bousaada.dz\/fr\/index.php\/wp-json\/wp\/v2\/pages"}],"about":[{"href":"https:\/\/www.ens-bousaada.dz\/fr\/index.php\/wp-json\/wp\/v2\/types\/page"}],"author":[{"embeddable":true,"href":"https:\/\/www.ens-bousaada.dz\/fr\/index.php\/wp-json\/wp\/v2\/users\/2"}],"replies":[{"embeddable":true,"href":"https:\/\/www.ens-bousaada.dz\/fr\/index.php\/wp-json\/wp\/v2\/comments?post=860"}],"version-history":[{"count":11,"href":"https:\/\/www.ens-bousaada.dz\/fr\/index.php\/wp-json\/wp\/v2\/pages\/860\/revisions"}],"predecessor-version":[{"id":921,"href":"https:\/\/www.ens-bousaada.dz\/fr\/index.php\/wp-json\/wp\/v2\/pages\/860\/revisions\/921"}],"wp:attachment":[{"href":"https:\/\/www.ens-bousaada.dz\/fr\/index.php\/wp-json\/wp\/v2\/media?parent=860"}],"curies":[{"name":"wp","href":"https:\/\/api.w.org\/{rel}","templated":true}]}}