{"id":863,"date":"2023-03-02T12:00:25","date_gmt":"2023-03-02T11:00:25","guid":{"rendered":"https:\/\/www.ens-bousaada.dz\/fr\/?page_id=863"},"modified":"2023-03-05T15:25:05","modified_gmt":"2023-03-05T14:25:05","slug":"departement-de-statistique-francais","status":"publish","type":"page","link":"https:\/\/www.ens-bousaada.dz\/fr\/index.php\/departement-de-statistique-francais\/","title":{"rendered":""},"content":{"rendered":"\n<div style=\"height:21px\" aria-hidden=\"true\" class=\"wp-block-spacer\"><\/div>\n\n\n\n<p><\/p>\n\n\n\n<h2>D\u00e9partement de statistique fran\u00e7ais <\/h2>\n\n\n\n<div style=\"height:15px\" aria-hidden=\"true\" class=\"wp-block-spacer\"><\/div>\n\n\n\n<figure class=\"wp-block-image size-full\"><img decoding=\"async\" loading=\"lazy\" width=\"1024\" height=\"179\" src=\"https:\/\/www.ens-bousaada.dz\/fr\/wp-content\/uploads\/2023\/03\/banner-dep-fr-fr.png\" alt=\"\" class=\"wp-image-898\" srcset=\"https:\/\/www.ens-bousaada.dz\/fr\/wp-content\/uploads\/2023\/03\/banner-dep-fr-fr.png 1024w, https:\/\/www.ens-bousaada.dz\/fr\/wp-content\/uploads\/2023\/03\/banner-dep-fr-fr-300x52.png 300w, https:\/\/www.ens-bousaada.dz\/fr\/wp-content\/uploads\/2023\/03\/banner-dep-fr-fr-768x134.png 768w\" sizes=\"(max-width: 1024px) 100vw, 1024px\" \/><\/figure>\n\n\n\n<div style=\"height:15px\" aria-hidden=\"true\" class=\"wp-block-spacer\"><\/div>\n\n\n\n<hr class=\"wp-block-separator has-text-color has-palette-color-4-color has-alpha-channel-opacity has-palette-color-4-background-color has-background is-style-wide\"\/>\n\n\n\n<div style=\"height:34px\" aria-hidden=\"true\" class=\"wp-block-spacer\"><\/div>\n\n\n\n<h2><strong><u>D\u00e9partement fran\u00e7ais :<\/u><\/strong><\/h2>\n\n\n\n<div style=\"height:27px\" aria-hidden=\"true\" class=\"wp-block-spacer\"><\/div>\n\n\n\n<figure class=\"wp-block-table is-style-stripes\"><table><tbody><tr><td><\/td><td class=\"has-text-align-center\" data-align=\"center\"><strong>premi\u00e8re ann\u00e9e<\/strong><strong><\/strong><\/td><td class=\"has-text-align-center\" data-align=\"center\"><strong>la deuxi\u00e8me ann\u00e9e<\/strong><strong><\/strong><\/td><td class=\"has-text-align-center\" data-align=\"center\"><strong>La troisi\u00e8me ann\u00e9e<\/strong><strong><\/strong><\/td><td class=\"has-text-align-center\" data-align=\"center\"><strong>quatri\u00e8me ann\u00e9e<\/strong><strong><\/strong><\/td><td class=\"has-text-align-center\" data-align=\"center\"><strong>cinqui\u00e8me ann\u00e9e<\/strong><strong><\/strong><\/td><\/tr><tr><td><strong>Enseignant d&rsquo;\u00e9cole primaire<\/strong><strong><\/strong><\/td><td class=\"has-text-align-center\" data-align=\"center\">33<\/td><td class=\"has-text-align-center\" data-align=\"center\">32<\/td><td class=\"has-text-align-center\" data-align=\"center\">16<\/td><td class=\"has-text-align-center\" data-align=\"center\"><\/td><td class=\"has-text-align-center\" data-align=\"center\">&nbsp;<\/td><\/tr><tr><td><strong>Enseignant de l&rsquo;enseignement moyenne<\/strong><strong><\/strong><\/td><td class=\"has-text-align-center\" data-align=\"center\">28<\/td><td class=\"has-text-align-center\" data-align=\"center\">28<\/td><td class=\"has-text-align-center\" data-align=\"center\">24<\/td><td class=\"has-text-align-center\" data-align=\"center\">0<\/td><td class=\"has-text-align-center\" data-align=\"center\">&nbsp;<\/td><\/tr><tr><td><strong>Enseignant de &nbsp;d&rsquo;enseignement secondaire<\/strong><strong><\/strong><\/td><td class=\"has-text-align-center\" data-align=\"center\">25<\/td><td class=\"has-text-align-center\" data-align=\"center\">19<\/td><td class=\"has-text-align-center\" data-align=\"center\">13<\/td><td class=\"has-text-align-center\" data-align=\"center\">19<\/td><td class=\"has-text-align-center\" data-align=\"center\">25<\/td><\/tr><tr><td><strong>le total<\/strong><strong><\/strong><\/td><td class=\"has-text-align-center\" data-align=\"center\"><strong>86<\/strong><\/td><td class=\"has-text-align-center\" data-align=\"center\"><strong>79<\/strong><\/td><td class=\"has-text-align-center\" data-align=\"center\"><strong>53<\/strong><\/td><td class=\"has-text-align-center\" data-align=\"center\"><strong>19<\/strong><\/td><td class=\"has-text-align-center\" data-align=\"center\"><strong>25<\/strong><\/td><\/tr><tr><td><strong>Total G\u00e9n\u00e9ral<\/strong><strong><\/strong><\/td><td class=\"has-text-align-center\" data-align=\"center\"><strong>262<\/strong><\/td><\/tr><\/tbody><\/table><\/figure>\n\n\n\n<div style=\"height:241px\" aria-hidden=\"true\" class=\"wp-block-spacer\"><\/div>\n","protected":false},"excerpt":{"rendered":"<p>D\u00e9partement de statistique fran\u00e7ais D\u00e9partement fran\u00e7ais : premi\u00e8re ann\u00e9e la deuxi\u00e8me ann\u00e9e La troisi\u00e8me ann\u00e9e quatri\u00e8me ann\u00e9e cinqui\u00e8me ann\u00e9e Enseignant d&rsquo;\u00e9cole primaire 33 32 16 &nbsp; Enseignant de l&rsquo;enseignement moyenne 28 28 24 0 &nbsp; Enseignant de &nbsp;d&rsquo;enseignement secondaire 25 19 13 19 25 le total 86 79 53 19 25 Total G\u00e9n\u00e9ral 262<\/p>\n","protected":false},"author":2,"featured_media":0,"parent":0,"menu_order":0,"comment_status":"closed","ping_status":"closed","template":"","meta":[],"blocksy_meta":{"styles_descriptor":{"styles":{"desktop":"","tablet":"","mobile":""},"google_fonts":[],"version":5}},"_links":{"self":[{"href":"https:\/\/www.ens-bousaada.dz\/fr\/index.php\/wp-json\/wp\/v2\/pages\/863"}],"collection":[{"href":"https:\/\/www.ens-bousaada.dz\/fr\/index.php\/wp-json\/wp\/v2\/pages"}],"about":[{"href":"https:\/\/www.ens-bousaada.dz\/fr\/index.php\/wp-json\/wp\/v2\/types\/page"}],"author":[{"embeddable":true,"href":"https:\/\/www.ens-bousaada.dz\/fr\/index.php\/wp-json\/wp\/v2\/users\/2"}],"replies":[{"embeddable":true,"href":"https:\/\/www.ens-bousaada.dz\/fr\/index.php\/wp-json\/wp\/v2\/comments?post=863"}],"version-history":[{"count":5,"href":"https:\/\/www.ens-bousaada.dz\/fr\/index.php\/wp-json\/wp\/v2\/pages\/863\/revisions"}],"predecessor-version":[{"id":918,"href":"https:\/\/www.ens-bousaada.dz\/fr\/index.php\/wp-json\/wp\/v2\/pages\/863\/revisions\/918"}],"wp:attachment":[{"href":"https:\/\/www.ens-bousaada.dz\/fr\/index.php\/wp-json\/wp\/v2\/media?parent=863"}],"curies":[{"name":"wp","href":"https:\/\/api.w.org\/{rel}","templated":true}]}}